{"id":97,"date":"2016-08-17T10:22:26","date_gmt":"2016-08-17T08:22:26","guid":{"rendered":"http:\/\/www.nuancesminerales.ch\/boutique\/?post_type=product&#038;p=97"},"modified":"2022-01-25T14:10:32","modified_gmt":"2022-01-25T13:10:32","slug":"rouleaux-innostar","status":"publish","type":"product","link":"https:\/\/www.nuancesminerales.ch\/boutique\/index.php\/produit\/rouleaux-innostar\/","title":{"rendered":"MANCHONS SWISSJET SUPERMIX"},"content":{"rendered":"","protected":false},"excerpt":{"rendered":"<p>Rouleaux 18cm, 21cm et 25cm<\/p>\n<p>(longueur des poils 18 mm)<br \/>\nId\u00e9al: Pour peintures min\u00e9rales,<br \/>\ncr\u00e9pis blancs, pl\u00e2tres (sur plafonds lisses, parois<br \/>\net abrasions fines, en int\u00e9rieur comme \u00e0 l&rsquo;ext\u00e9rieur)<\/p>\n","protected":false},"featured_media":104,"template":"","meta":[],"product_cat":[8],"product_tag":[],"_links":{"self":[{"href":"https:\/\/www.nuancesminerales.ch\/boutique\/index.php\/wp-json\/wp\/v2\/product\/97"}],"collection":[{"href":"https:\/\/www.nuancesminerales.ch\/boutique\/index.php\/wp-json\/wp\/v2\/product"}],"about":[{"href":"https:\/\/www.nuancesminerales.ch\/boutique\/index.php\/wp-json\/wp\/v2\/types\/product"}],"wp:featuredmedia":[{"embeddable":true,"href":"https:\/\/www.nuancesminerales.ch\/boutique\/index.php\/wp-json\/wp\/v2\/media\/104"}],"wp:attachment":[{"href":"https:\/\/www.nuancesminerales.ch\/boutique\/index.php\/wp-json\/wp\/v2\/media?parent=97"}],"wp:term":[{"taxonomy":"product_cat","embeddable":true,"href":"https:\/\/www.nuancesminerales.ch\/boutique\/index.php\/wp-json\/wp\/v2\/product_cat?post=97"},{"taxonomy":"product_tag","embeddable":true,"href":"https:\/\/www.nuancesminerales.ch\/boutique\/index.php\/wp-json\/wp\/v2\/product_tag?post=97"}],"curies":[{"name":"wp","href":"https:\/\/api.w.org\/{rel}","templated":true}]}}