{"id":676,"date":"2019-05-27T10:52:45","date_gmt":"2019-05-27T08:52:45","guid":{"rendered":"https:\/\/www.nuancesminerales.ch\/boutique\/?post_type=product&#038;p=676"},"modified":"2021-06-04T11:42:45","modified_gmt":"2021-06-04T09:42:45","slug":"couche-de-fond-pour-peintures-naturelle-de-couleurs","status":"publish","type":"product","link":"https:\/\/www.nuancesminerales.ch\/boutique\/index.php\/produit\/couche-de-fond-pour-peintures-naturelle-de-couleurs\/","title":{"rendered":"Couche de fond pour peintures naturelle de couleurs"},"content":{"rendered":"<p>Soliprim s\u2019emploie pour le pr\u00e9-traitement des surfaces<br \/>\nen int\u00e9rieur, qui seront recouvertes de peintures min\u00e9rales de couleurs.<\/p>\n<p>le Soliprim sera appliqu\u00e9 dans les cas suivants :<\/p>\n<p>\u2022 Egalisation des \u00e9ventuelles diff\u00e9rences d\u2019absorption des<br \/>\nsupports min\u00e9raux et\/ou organiques et d\u2019anciennes<br \/>\npeintures bien adh\u00e9rentes.\u2022 Consolidation des supports tr\u00e8s absorbants, farinants<br \/>\nou friables.<br \/>\nL\u2019impression avec le Soliprim renforce l\u2019homog\u00e9n\u00e9it\u00e9<br \/>\ndes surfaces et notamment celles expos\u00e9es \u00e0 des lumi\u00e8res<br \/>\nrasantes.\u2022 Double liant : sol de silice et hydrosol<br \/>\n\u2022 Pouvoir \u00e9galisant<br \/>\n\u2022 Consolide les supports et am\u00e9liore l\u2018adh\u00e9rence<br \/>\n\u2022 Excellente perm\u00e9abilit\u00e9 \u00e0 la vapeur d\u2019eau, microporeux<br \/>\n\u2022 Sans ajout de solvant<br \/>\n\u2022 Sans odeur<\/p>\n","protected":false},"excerpt":{"rendered":"<p>Le Soliprim \u00a0est une impression min\u00e9rale pour l\u2019int\u00e9rieur, ouverte \u00e0 la diffusion de vapeur d\u2019eau.<\/p>\n","protected":false},"featured_media":677,"template":"","meta":[],"product_cat":[6],"product_tag":[],"_links":{"self":[{"href":"https:\/\/www.nuancesminerales.ch\/boutique\/index.php\/wp-json\/wp\/v2\/product\/676"}],"collection":[{"href":"https:\/\/www.nuancesminerales.ch\/boutique\/index.php\/wp-json\/wp\/v2\/product"}],"about":[{"href":"https:\/\/www.nuancesminerales.ch\/boutique\/index.php\/wp-json\/wp\/v2\/types\/product"}],"wp:featuredmedia":[{"embeddable":true,"href":"https:\/\/www.nuancesminerales.ch\/boutique\/index.php\/wp-json\/wp\/v2\/media\/677"}],"wp:attachment":[{"href":"https:\/\/www.nuancesminerales.ch\/boutique\/index.php\/wp-json\/wp\/v2\/media?parent=676"}],"wp:term":[{"taxonomy":"product_cat","embeddable":true,"href":"https:\/\/www.nuancesminerales.ch\/boutique\/index.php\/wp-json\/wp\/v2\/product_cat?post=676"},{"taxonomy":"product_tag","embeddable":true,"href":"https:\/\/www.nuancesminerales.ch\/boutique\/index.php\/wp-json\/wp\/v2\/product_tag?post=676"}],"curies":[{"name":"wp","href":"https:\/\/api.w.org\/{rel}","templated":true}]}}