{"id":476,"date":"2018-09-18T00:55:30","date_gmt":"2018-09-17T22:55:30","guid":{"rendered":"https:\/\/www.nuancesminerales.ch\/boutique\/?post_type=product&#038;p=476"},"modified":"2021-06-04T12:04:08","modified_gmt":"2021-06-04T10:04:08","slug":"keim-polychro-le-corbusier-1l","status":"publish","type":"product","link":"https:\/\/www.nuancesminerales.ch\/boutique\/index.php\/produit\/keim-polychro-le-corbusier-1l\/","title":{"rendered":"Peinture naturelle pour murs et plafonds (Le Corbusier) 1L"},"content":{"rendered":"<p>Les 63 teintes originales de la Polychromie architecturale\u00a0de Le Corbusier, fabriqu\u00e9es artisanalement dans l\u2019usine\u00a0KEIM. Test\u00e9es et sous licence. Chaque teinte a son propre\u00a0certificat d\u2019authenticit\u00e9 !<\/p>\n<ul>\n<li>Profondeur et intensit\u00e9 des teintes in\u00e9gal\u00e9es<\/li>\n<li>Pigments rigoureusement s\u00e9lectionn\u00e9s<\/li>\n<li>Aspect mat<\/li>\n<li>Naturel, liant min\u00e9ral<\/li>\n<li>Perm\u00e9able \u00e0 la vapeur d\u2018eau pour une excellente<\/li>\n<li>qualit\u00e9 de l\u2019air int\u00e9rieur<\/li>\n<\/ul>\n<ul>\n<li>Ecologique<\/li>\n<li>Pouvoir couvrant exceptionnel<\/li>\n<li>Naturellement r\u00e9sistant aux moisissures.<\/li>\n<\/ul>\n<p>&nbsp;<\/p>\n","protected":false},"excerpt":{"rendered":"<p>&nbsp;<\/p>\n<p>polyChro-int\u00e9rieur est la v\u00e9ritable peinture Le Corbusier &#8211; une peinture min\u00e9rale d\u2019int\u00e9rieur d\u2019aspect mat et d\u2019une profondeur de teinte in\u00e9gal\u00e9e. R\u00e9alis\u00e9e dans les teintes des Claviers de Couleurs de Le Corbusier et en collaboration avec la Soci\u00e9t\u00e9 Les Couleurs Suisse AG, repr\u00e9sentante de la Fondation Le Corbusier, Paris. polyChro-int\u00e9rieur donne aux murs et aux plafonds une profondeur et une \u00e9l\u00e9gance incomparables.<\/p>\n<p><a href=\"https:\/\/www.nuancesminerales.ch\/boutique\/wp-content\/uploads\/2018\/11\/keim_polychro_indice_reflexion_lumineuse.pdf\">Consulter la carte de teintes<\/a><\/p>\n","protected":false},"featured_media":490,"template":"","meta":[],"product_cat":[6],"product_tag":[34],"_links":{"self":[{"href":"https:\/\/www.nuancesminerales.ch\/boutique\/index.php\/wp-json\/wp\/v2\/product\/476"}],"collection":[{"href":"https:\/\/www.nuancesminerales.ch\/boutique\/index.php\/wp-json\/wp\/v2\/product"}],"about":[{"href":"https:\/\/www.nuancesminerales.ch\/boutique\/index.php\/wp-json\/wp\/v2\/types\/product"}],"wp:featuredmedia":[{"embeddable":true,"href":"https:\/\/www.nuancesminerales.ch\/boutique\/index.php\/wp-json\/wp\/v2\/media\/490"}],"wp:attachment":[{"href":"https:\/\/www.nuancesminerales.ch\/boutique\/index.php\/wp-json\/wp\/v2\/media?parent=476"}],"wp:term":[{"taxonomy":"product_cat","embeddable":true,"href":"https:\/\/www.nuancesminerales.ch\/boutique\/index.php\/wp-json\/wp\/v2\/product_cat?post=476"},{"taxonomy":"product_tag","embeddable":true,"href":"https:\/\/www.nuancesminerales.ch\/boutique\/index.php\/wp-json\/wp\/v2\/product_tag?post=476"}],"curies":[{"name":"wp","href":"https:\/\/api.w.org\/{rel}","templated":true}]}}