{"id":451,"date":"2017-09-03T19:43:51","date_gmt":"2017-09-03T17:43:51","guid":{"rendered":"http:\/\/www.nuancesminerales.ch\/boutique\/?post_type=product&#038;p=451"},"modified":"2022-01-24T14:12:03","modified_gmt":"2022-01-24T13:12:03","slug":"protection-plastique-pour-sol","status":"publish","type":"product","link":"https:\/\/www.nuancesminerales.ch\/boutique\/index.php\/produit\/protection-plastique-pour-sol\/","title":{"rendered":"Protection plastique pour sol"},"content":{"rendered":"<p><strong>\u00c9co-feuille de protection pour peintres et pl\u00e2triers<\/strong><br \/>\n\u00e9paisseur 0.10 mm, gris-transparent (translucide),<br \/>\nen PEBD recycle,<br \/>\n20 mx 2700mm<\/p>\n<p>&nbsp;<\/p>\n","protected":false},"excerpt":{"rendered":"<p>\u00c9co-feuille de protection pour peintres et pl\u00e2triers \u00e9paisseur 0.10 mm, gris-transparent (translucide), en PEBD recycle, 20 mx 2700mm &nbsp;<\/p>\n","protected":false},"featured_media":452,"template":"","meta":[],"product_cat":[8],"product_tag":[],"_links":{"self":[{"href":"https:\/\/www.nuancesminerales.ch\/boutique\/index.php\/wp-json\/wp\/v2\/product\/451"}],"collection":[{"href":"https:\/\/www.nuancesminerales.ch\/boutique\/index.php\/wp-json\/wp\/v2\/product"}],"about":[{"href":"https:\/\/www.nuancesminerales.ch\/boutique\/index.php\/wp-json\/wp\/v2\/types\/product"}],"wp:featuredmedia":[{"embeddable":true,"href":"https:\/\/www.nuancesminerales.ch\/boutique\/index.php\/wp-json\/wp\/v2\/media\/452"}],"wp:attachment":[{"href":"https:\/\/www.nuancesminerales.ch\/boutique\/index.php\/wp-json\/wp\/v2\/media?parent=451"}],"wp:term":[{"taxonomy":"product_cat","embeddable":true,"href":"https:\/\/www.nuancesminerales.ch\/boutique\/index.php\/wp-json\/wp\/v2\/product_cat?post=451"},{"taxonomy":"product_tag","embeddable":true,"href":"https:\/\/www.nuancesminerales.ch\/boutique\/index.php\/wp-json\/wp\/v2\/product_tag?post=451"}],"curies":[{"name":"wp","href":"https:\/\/api.w.org\/{rel}","templated":true}]}}