{"id":449,"date":"2017-09-03T19:41:09","date_gmt":"2017-09-03T17:41:09","guid":{"rendered":"http:\/\/www.nuancesminerales.ch\/boutique\/?post_type=product&#038;p=449"},"modified":"2022-01-24T13:19:19","modified_gmt":"2022-01-24T12:19:19","slug":"feuilles-protection-quickmask-blue-exterieur","status":"publish","type":"product","link":"https:\/\/www.nuancesminerales.ch\/boutique\/index.php\/produit\/feuilles-protection-quickmask-blue-exterieur\/","title":{"rendered":"Feuilles protection QUICKmask blue (ext\u00e9rieur)"},"content":{"rendered":"<p>Films de masquage adh\u00e9rant aux bords, en poly\u00e9thyl\u00e8ne,<br \/>\n\u00e9paisseur 0.01 mm, transparente, charg\u00e9 \u00e9lectro-statiquement,<br \/>\nen forme de rouleaux,<br \/>\nmuni d\u2019un ruban de masquage tissu bleu<\/p>\n<p>r\u00e9sistance \u00e9lev\u00e9e aux UV (jusqu\u2019\u00e0 3 mois)<\/p>\n<p>Dimensions: 2700mm x 20m<\/p>\n","protected":false},"excerpt":{"rendered":"<p>Films de masquage adh\u00e9rant aux bords, en poly\u00e9thyl\u00e8ne, \u00e9paisseur 0.01 mm, transparente, charg\u00e9 \u00e9lectro-statiquement, en forme de rouleaux, muni d\u2019un ruban de masquage tissu bleu r\u00e9sistance \u00e9lev\u00e9e aux UV (jusqu\u2019\u00e0 3 mois) Dimensions: 2700mm x 20m<\/p>\n","protected":false},"featured_media":450,"template":"","meta":[],"product_cat":[8],"product_tag":[],"_links":{"self":[{"href":"https:\/\/www.nuancesminerales.ch\/boutique\/index.php\/wp-json\/wp\/v2\/product\/449"}],"collection":[{"href":"https:\/\/www.nuancesminerales.ch\/boutique\/index.php\/wp-json\/wp\/v2\/product"}],"about":[{"href":"https:\/\/www.nuancesminerales.ch\/boutique\/index.php\/wp-json\/wp\/v2\/types\/product"}],"wp:featuredmedia":[{"embeddable":true,"href":"https:\/\/www.nuancesminerales.ch\/boutique\/index.php\/wp-json\/wp\/v2\/media\/450"}],"wp:attachment":[{"href":"https:\/\/www.nuancesminerales.ch\/boutique\/index.php\/wp-json\/wp\/v2\/media?parent=449"}],"wp:term":[{"taxonomy":"product_cat","embeddable":true,"href":"https:\/\/www.nuancesminerales.ch\/boutique\/index.php\/wp-json\/wp\/v2\/product_cat?post=449"},{"taxonomy":"product_tag","embeddable":true,"href":"https:\/\/www.nuancesminerales.ch\/boutique\/index.php\/wp-json\/wp\/v2\/product_tag?post=449"}],"curies":[{"name":"wp","href":"https:\/\/api.w.org\/{rel}","templated":true}]}}