{"id":447,"date":"2017-09-03T19:38:24","date_gmt":"2017-09-03T17:38:24","guid":{"rendered":"http:\/\/www.nuancesminerales.ch\/boutique\/?post_type=product&#038;p=447"},"modified":"2018-10-29T15:22:29","modified_gmt":"2018-10-29T14:22:29","slug":"feuilles-protection-quickmask","status":"publish","type":"product","link":"https:\/\/www.nuancesminerales.ch\/boutique\/index.php\/produit\/feuilles-protection-quickmask\/","title":{"rendered":"Feuilles protection QUICKmask"},"content":{"rendered":"<p>Films de masquage adh\u00e9rant aux bords, en poly\u00e9thyl\u00e8ne,<br \/>\n\u00e9paisseur 0.01 mm, transparente, charg\u00e9 \u00e9lectro-statiquement,<br \/>\nen forme de rouleaux,<br \/>\nmuni d\u2019un ruban de masquage en papier<\/p>\n<p>dimensions: 2700mm x 20m<\/p>\n","protected":false},"excerpt":{"rendered":"<p>Films de masquage adh\u00e9rant aux bords, en poly\u00e9thyl\u00e8ne, \u00e9paisseur 0.01 mm, transparente, charg\u00e9 \u00e9lectro-statiquement, en forme de rouleaux, muni d\u2019un ruban de masquage en papier dimensions: 2700mm x 20m<\/p>\n","protected":false},"featured_media":448,"template":"","meta":[],"product_cat":[8],"product_tag":[],"_links":{"self":[{"href":"https:\/\/www.nuancesminerales.ch\/boutique\/index.php\/wp-json\/wp\/v2\/product\/447"}],"collection":[{"href":"https:\/\/www.nuancesminerales.ch\/boutique\/index.php\/wp-json\/wp\/v2\/product"}],"about":[{"href":"https:\/\/www.nuancesminerales.ch\/boutique\/index.php\/wp-json\/wp\/v2\/types\/product"}],"wp:featuredmedia":[{"embeddable":true,"href":"https:\/\/www.nuancesminerales.ch\/boutique\/index.php\/wp-json\/wp\/v2\/media\/448"}],"wp:attachment":[{"href":"https:\/\/www.nuancesminerales.ch\/boutique\/index.php\/wp-json\/wp\/v2\/media?parent=447"}],"wp:term":[{"taxonomy":"product_cat","embeddable":true,"href":"https:\/\/www.nuancesminerales.ch\/boutique\/index.php\/wp-json\/wp\/v2\/product_cat?post=447"},{"taxonomy":"product_tag","embeddable":true,"href":"https:\/\/www.nuancesminerales.ch\/boutique\/index.php\/wp-json\/wp\/v2\/product_tag?post=447"}],"curies":[{"name":"wp","href":"https:\/\/api.w.org\/{rel}","templated":true}]}}