{"id":445,"date":"2017-09-03T19:33:47","date_gmt":"2017-09-03T17:33:47","guid":{"rendered":"http:\/\/www.nuancesminerales.ch\/boutique\/?post_type=product&#038;p=445"},"modified":"2022-01-24T13:34:01","modified_gmt":"2022-01-24T12:34:01","slug":"ruban-de-masquage-ecoline-gold","status":"publish","type":"product","link":"https:\/\/www.nuancesminerales.ch\/boutique\/index.php\/produit\/ruban-de-masquage-ecoline-gold\/","title":{"rendered":"Ruban de masquage \u201eECOLINE GOLD\u201c"},"content":{"rendered":"<p>Ruban adh\u00e9sif longue dur\u00e9e ultrafin, pour les masquages \u00e0 l\u2019int\u00e9rieur et \u00e0<br \/>\nl\u2019ext\u00e9rieur, sur surfaces lisses, pour peintres et pl\u00e2triers,<br \/>\nmat\u00e9riau porteur r\u00e9sistant, \u00e9paisseur 0,15 mm (papier de riz japonais),<br \/>\nexcellente adh\u00e9rence (couche de colle acrylate),<br \/>\ndur\u00e9e d\u2019utilisation jusqu\u2019\u00e0 6 mois, r\u00e9sistance \u00e0 des temp\u00e9ratures de jusqu\u2019\u00e0 125 \u00b0C (pendant 1 heure),<br \/>\nbonne r\u00e9sistance \u00e0 l\u2019eau et aux solvants,<br \/>\nr\u00e9sistance \u00e9lev\u00e9e aux UV (jusqu\u2019\u00e0 3 mois),<br \/>\nparticuli\u00e8rement r\u00e9sistant \u00e0 l\u2019humidit\u00e9, 50 m\u00e8tres \/ rouleau<\/p>\n","protected":false},"excerpt":{"rendered":"<p>Ruban adh\u00e9sif longue dur\u00e9e ultrafin, pour les masquages \u00e0 l\u2019int\u00e9rieur et \u00e0 l\u2019ext\u00e9rieur, sur surfaces lisses, pour peintres et pl\u00e2triers, mat\u00e9riau porteur r\u00e9sistant, \u00e9paisseur 0,15 mm (papier de riz japonais), excellente adh\u00e9rence (couche de colle acrylate), dur\u00e9e d\u2019utilisation jusqu\u2019\u00e0 6 mois, r\u00e9sistance \u00e0 des temp\u00e9ratures de jusqu\u2019\u00e0 125 \u00b0C (pendant 1 heure), bonne r\u00e9sistance \u00e0 [&hellip;]<\/p>\n","protected":false},"featured_media":446,"template":"","meta":[],"product_cat":[8],"product_tag":[],"_links":{"self":[{"href":"https:\/\/www.nuancesminerales.ch\/boutique\/index.php\/wp-json\/wp\/v2\/product\/445"}],"collection":[{"href":"https:\/\/www.nuancesminerales.ch\/boutique\/index.php\/wp-json\/wp\/v2\/product"}],"about":[{"href":"https:\/\/www.nuancesminerales.ch\/boutique\/index.php\/wp-json\/wp\/v2\/types\/product"}],"wp:featuredmedia":[{"embeddable":true,"href":"https:\/\/www.nuancesminerales.ch\/boutique\/index.php\/wp-json\/wp\/v2\/media\/446"}],"wp:attachment":[{"href":"https:\/\/www.nuancesminerales.ch\/boutique\/index.php\/wp-json\/wp\/v2\/media?parent=445"}],"wp:term":[{"taxonomy":"product_cat","embeddable":true,"href":"https:\/\/www.nuancesminerales.ch\/boutique\/index.php\/wp-json\/wp\/v2\/product_cat?post=445"},{"taxonomy":"product_tag","embeddable":true,"href":"https:\/\/www.nuancesminerales.ch\/boutique\/index.php\/wp-json\/wp\/v2\/product_tag?post=445"}],"curies":[{"name":"wp","href":"https:\/\/api.w.org\/{rel}","templated":true}]}}