{"id":443,"date":"2017-09-03T19:28:22","date_gmt":"2017-09-03T17:28:22","guid":{"rendered":"http:\/\/www.nuancesminerales.ch\/boutique\/?post_type=product&#038;p=443"},"modified":"2022-01-24T13:30:07","modified_gmt":"2022-01-24T12:30:07","slug":"ruban-de-masquage","status":"publish","type":"product","link":"https:\/\/www.nuancesminerales.ch\/boutique\/index.php\/produit\/ruban-de-masquage\/","title":{"rendered":"Ruban de masquage"},"content":{"rendered":"<p>Ruban adh\u00e9sif en cr\u00eape beige pour les masquages non probl\u00e9matiques \u00e0<br \/>\nl\u2019int\u00e9rieur, pour peintres et pl\u00e2triers,<br \/>\nmat\u00e9riau porteur r\u00e9sistant, \u00e9paisseur 0,12 mm,<br \/>\nadh\u00e9rence moyenne, s\u2019enl\u00e8ve sans laisser de traces au bout de 1 jour max.,<br \/>\nr\u00e9sistance \u00e0 des temp\u00e9ratures de jusqu\u2019\u00e0 30 \u00b0C (pendant 1 heure),<br \/>\n50 m\u00e8tres \/ rouleau<\/p>\n","protected":false},"excerpt":{"rendered":"<p>Ruban adh\u00e9sif en cr\u00eape beige pour les masquages non probl\u00e9matiques \u00e0 l\u2019int\u00e9rieur, pour peintres et pl\u00e2triers, mat\u00e9riau porteur r\u00e9sistant, \u00e9paisseur 0,12 mm, adh\u00e9rence moyenne, s\u2019enl\u00e8ve sans laisser de traces au bout de 1 jour max., r\u00e9sistance \u00e0 des temp\u00e9ratures de jusqu\u2019\u00e0 30 \u00b0C (pendant 1 heure), 50 m\u00e8tres \/ rouleau<\/p>\n","protected":false},"featured_media":444,"template":"","meta":[],"product_cat":[8],"product_tag":[],"_links":{"self":[{"href":"https:\/\/www.nuancesminerales.ch\/boutique\/index.php\/wp-json\/wp\/v2\/product\/443"}],"collection":[{"href":"https:\/\/www.nuancesminerales.ch\/boutique\/index.php\/wp-json\/wp\/v2\/product"}],"about":[{"href":"https:\/\/www.nuancesminerales.ch\/boutique\/index.php\/wp-json\/wp\/v2\/types\/product"}],"wp:featuredmedia":[{"embeddable":true,"href":"https:\/\/www.nuancesminerales.ch\/boutique\/index.php\/wp-json\/wp\/v2\/media\/444"}],"wp:attachment":[{"href":"https:\/\/www.nuancesminerales.ch\/boutique\/index.php\/wp-json\/wp\/v2\/media?parent=443"}],"wp:term":[{"taxonomy":"product_cat","embeddable":true,"href":"https:\/\/www.nuancesminerales.ch\/boutique\/index.php\/wp-json\/wp\/v2\/product_cat?post=443"},{"taxonomy":"product_tag","embeddable":true,"href":"https:\/\/www.nuancesminerales.ch\/boutique\/index.php\/wp-json\/wp\/v2\/product_tag?post=443"}],"curies":[{"name":"wp","href":"https:\/\/api.w.org\/{rel}","templated":true}]}}