{"id":364,"date":"2017-04-27T09:59:05","date_gmt":"2017-04-27T07:59:05","guid":{"rendered":"http:\/\/www.nuancesminerales.ch\/boutique\/?post_type=product&#038;p=364"},"modified":"2018-10-29T15:23:33","modified_gmt":"2018-10-29T14:23:33","slug":"keim-brosses-a-lasure-ovales-soies-naturelles","status":"publish","type":"product","link":"https:\/\/www.nuancesminerales.ch\/boutique\/index.php\/produit\/keim-brosses-a-lasure-ovales-soies-naturelles\/","title":{"rendered":"KEIM-BROSSES \u00c0 LASURE OVALES SOIES NATURELLES"},"content":{"rendered":"<p>Soies de chine claires de qualit\u00e9 sup\u00e9rieure, id\u00e9ales pour<br \/>\nl&rsquo;application de lasure \u00e0 base min\u00e9rale,<br \/>\nvulcanis\u00e9es par rang\u00e9es, monture en bois<br \/>\navec filet plastique et poign\u00e9e en bois,<br \/>\npatte de fixation m\u00e9tallique<\/p>\n","protected":false},"excerpt":{"rendered":"<p>Soies de chine claires de qualit\u00e9 sup\u00e9rieure, id\u00e9ales pour l&rsquo;application de lasure \u00e0 base min\u00e9rale, vulcanis\u00e9es par rang\u00e9es, monture en bois avec filet plastique et poign\u00e9e en bois, patte de fixation m\u00e9tallique<\/p>\n","protected":false},"featured_media":365,"template":"","meta":[],"product_cat":[8],"product_tag":[],"_links":{"self":[{"href":"https:\/\/www.nuancesminerales.ch\/boutique\/index.php\/wp-json\/wp\/v2\/product\/364"}],"collection":[{"href":"https:\/\/www.nuancesminerales.ch\/boutique\/index.php\/wp-json\/wp\/v2\/product"}],"about":[{"href":"https:\/\/www.nuancesminerales.ch\/boutique\/index.php\/wp-json\/wp\/v2\/types\/product"}],"wp:featuredmedia":[{"embeddable":true,"href":"https:\/\/www.nuancesminerales.ch\/boutique\/index.php\/wp-json\/wp\/v2\/media\/365"}],"wp:attachment":[{"href":"https:\/\/www.nuancesminerales.ch\/boutique\/index.php\/wp-json\/wp\/v2\/media?parent=364"}],"wp:term":[{"taxonomy":"product_cat","embeddable":true,"href":"https:\/\/www.nuancesminerales.ch\/boutique\/index.php\/wp-json\/wp\/v2\/product_cat?post=364"},{"taxonomy":"product_tag","embeddable":true,"href":"https:\/\/www.nuancesminerales.ch\/boutique\/index.php\/wp-json\/wp\/v2\/product_tag?post=364"}],"curies":[{"name":"wp","href":"https:\/\/api.w.org\/{rel}","templated":true}]}}