{"id":360,"date":"2017-04-27T09:37:38","date_gmt":"2017-04-27T07:37:38","guid":{"rendered":"http:\/\/www.nuancesminerales.ch\/boutique\/?post_type=product&#038;p=360"},"modified":"2018-11-12T14:53:22","modified_gmt":"2018-11-12T13:53:22","slug":"aquamaxx-plus-brosses-a-surface","status":"publish","type":"product","link":"https:\/\/www.nuancesminerales.ch\/boutique\/index.php\/produit\/aquamaxx-plus-brosses-a-surface\/","title":{"rendered":"AQUAMAXX PLUS BROSSES \u00c0 SURFACE"},"content":{"rendered":"<p>Id\u00e9al pour peintures min\u00e9rales<\/p>\n","protected":false},"excerpt":{"rendered":"<p>Id\u00e9al pour peintures min\u00e9rales<\/p>\n","protected":false},"featured_media":361,"template":"","meta":[],"product_cat":[8],"product_tag":[],"_links":{"self":[{"href":"https:\/\/www.nuancesminerales.ch\/boutique\/index.php\/wp-json\/wp\/v2\/product\/360"}],"collection":[{"href":"https:\/\/www.nuancesminerales.ch\/boutique\/index.php\/wp-json\/wp\/v2\/product"}],"about":[{"href":"https:\/\/www.nuancesminerales.ch\/boutique\/index.php\/wp-json\/wp\/v2\/types\/product"}],"wp:featuredmedia":[{"embeddable":true,"href":"https:\/\/www.nuancesminerales.ch\/boutique\/index.php\/wp-json\/wp\/v2\/media\/361"}],"wp:attachment":[{"href":"https:\/\/www.nuancesminerales.ch\/boutique\/index.php\/wp-json\/wp\/v2\/media?parent=360"}],"wp:term":[{"taxonomy":"product_cat","embeddable":true,"href":"https:\/\/www.nuancesminerales.ch\/boutique\/index.php\/wp-json\/wp\/v2\/product_cat?post=360"},{"taxonomy":"product_tag","embeddable":true,"href":"https:\/\/www.nuancesminerales.ch\/boutique\/index.php\/wp-json\/wp\/v2\/product_tag?post=360"}],"curies":[{"name":"wp","href":"https:\/\/api.w.org\/{rel}","templated":true}]}}