{"id":353,"date":"2017-04-27T09:16:45","date_gmt":"2017-04-27T07:16:45","guid":{"rendered":"http:\/\/www.nuancesminerales.ch\/boutique\/?post_type=product&#038;p=353"},"modified":"2018-10-29T15:24:21","modified_gmt":"2018-10-29T14:24:21","slug":"aquamaxx-plus-pinceaux-radiateurs","status":"publish","type":"product","link":"https:\/\/www.nuancesminerales.ch\/boutique\/index.php\/produit\/aquamaxx-plus-pinceaux-radiateurs\/","title":{"rendered":"AQUAMAXX PLUS PINCEAUX RADIATEURS"},"content":{"rendered":"<p>Id\u00e9al pour peintures min\u00e9rales int\u00e9rieures<\/p>\n","protected":false},"excerpt":{"rendered":"<p>Id\u00e9al pour peintures min\u00e9rales int\u00e9rieures<\/p>\n","protected":false},"featured_media":354,"template":"","meta":[],"product_cat":[8],"product_tag":[],"_links":{"self":[{"href":"https:\/\/www.nuancesminerales.ch\/boutique\/index.php\/wp-json\/wp\/v2\/product\/353"}],"collection":[{"href":"https:\/\/www.nuancesminerales.ch\/boutique\/index.php\/wp-json\/wp\/v2\/product"}],"about":[{"href":"https:\/\/www.nuancesminerales.ch\/boutique\/index.php\/wp-json\/wp\/v2\/types\/product"}],"wp:featuredmedia":[{"embeddable":true,"href":"https:\/\/www.nuancesminerales.ch\/boutique\/index.php\/wp-json\/wp\/v2\/media\/354"}],"wp:attachment":[{"href":"https:\/\/www.nuancesminerales.ch\/boutique\/index.php\/wp-json\/wp\/v2\/media?parent=353"}],"wp:term":[{"taxonomy":"product_cat","embeddable":true,"href":"https:\/\/www.nuancesminerales.ch\/boutique\/index.php\/wp-json\/wp\/v2\/product_cat?post=353"},{"taxonomy":"product_tag","embeddable":true,"href":"https:\/\/www.nuancesminerales.ch\/boutique\/index.php\/wp-json\/wp\/v2\/product_tag?post=353"}],"curies":[{"name":"wp","href":"https:\/\/api.w.org\/{rel}","templated":true}]}}