{"id":347,"date":"2017-04-27T08:29:32","date_gmt":"2017-04-27T06:29:32","guid":{"rendered":"http:\/\/www.nuancesminerales.ch\/boutique\/?post_type=product&#038;p=347"},"modified":"2022-01-25T14:13:08","modified_gmt":"2022-01-25T13:13:08","slug":"manchons-pour-facades-mega-maxipile","status":"publish","type":"product","link":"https:\/\/www.nuancesminerales.ch\/boutique\/index.php\/produit\/manchons-pour-facades-mega-maxipile\/","title":{"rendered":"MANCHONS POUR FA\u00c7ADES MEGA MAXIPILE"},"content":{"rendered":"<p>Rouleaux 21cm et 25cm<\/p>\n<p>(longueur des poils 25 mm)<br \/>\nGros diam\u00e8tre non rembourr\u00e9 55 mm, Id\u00e9al pour peintures min\u00e9rales de fa\u00e7ades \u00e0 base (ribage plein, cr\u00e9pi projet\u00e9, etc.)<\/p>\n","protected":false},"excerpt":{"rendered":"<p>Rouleaux 21cm et 25cm (longueur des poils 25 mm) Gros diam\u00e8tre non rembourr\u00e9 55 mm, Id\u00e9al pour peintures min\u00e9rales de fa\u00e7ades \u00e0 base (ribage plein, cr\u00e9pi projet\u00e9, etc.)<\/p>\n","protected":false},"featured_media":761,"template":"","meta":[],"product_cat":[8],"product_tag":[],"_links":{"self":[{"href":"https:\/\/www.nuancesminerales.ch\/boutique\/index.php\/wp-json\/wp\/v2\/product\/347"}],"collection":[{"href":"https:\/\/www.nuancesminerales.ch\/boutique\/index.php\/wp-json\/wp\/v2\/product"}],"about":[{"href":"https:\/\/www.nuancesminerales.ch\/boutique\/index.php\/wp-json\/wp\/v2\/types\/product"}],"wp:featuredmedia":[{"embeddable":true,"href":"https:\/\/www.nuancesminerales.ch\/boutique\/index.php\/wp-json\/wp\/v2\/media\/761"}],"wp:attachment":[{"href":"https:\/\/www.nuancesminerales.ch\/boutique\/index.php\/wp-json\/wp\/v2\/media?parent=347"}],"wp:term":[{"taxonomy":"product_cat","embeddable":true,"href":"https:\/\/www.nuancesminerales.ch\/boutique\/index.php\/wp-json\/wp\/v2\/product_cat?post=347"},{"taxonomy":"product_tag","embeddable":true,"href":"https:\/\/www.nuancesminerales.ch\/boutique\/index.php\/wp-json\/wp\/v2\/product_tag?post=347"}],"curies":[{"name":"wp","href":"https:\/\/api.w.org\/{rel}","templated":true}]}}