{"id":116,"date":"2016-09-13T15:29:45","date_gmt":"2016-09-13T13:29:45","guid":{"rendered":"http:\/\/www.nuancesminerales.ch\/boutique\/index.php\/produit\/keim-optil-teintes-exclusiv-20kg\/"},"modified":"2021-06-04T12:26:17","modified_gmt":"2021-06-04T10:26:17","slug":"keim-optil-teintes-exclusiv-20kg","status":"publish","type":"product","link":"https:\/\/www.nuancesminerales.ch\/boutique\/index.php\/produit\/keim-optil-teintes-exclusiv-20kg\/","title":{"rendered":"Peinture naturelle pour murs et plafonds TEINTE EXCLUSIV (20KG)"},"content":{"rendered":"<p>Les principales caract\u00e9ristiques en un clin d\u2019\u0153il :<\/p>\n<p>\u2022 Ecologique, label natureplus<br \/>\n\u2022 Id\u00e9al pour pr\u00e9server la qualit\u00e9 de l\u2019air int\u00e9rieur<br \/>\n\u2022 Recommand\u00e9 pour les personnes allergiques<br \/>\n\u2022 Couleurs intenses tr\u00e8s lumineuses, r\u00e9sistantes \u00e0 la lumi\u00e8re<br \/>\n\u2022 Rendu mat profond<br \/>\n\u2022 Destin\u00e9 \u00e0 la mise en valeur des architectures int\u00e9rieures<br \/>\n\u2022 Facilit\u00e9 d\u2019application<br \/>\n\u2022 Pouvoir couvrant exceptionnel<br \/>\n\u2022 \u00ab Lessivable \u00bb, grande r\u00e9sistance \u00e0 l\u2019abrasion humide<br \/>\n\u2022 Tr\u00e8s grande perm\u00e9abilit\u00e9 \u00e0 la vapeur d\u2019eau<br \/>\n\u2022 Incombustible<br \/>\n\u2022 R\u00e9sistant aux moisissures.<\/p>\n","protected":false},"excerpt":{"rendered":"<p><a href=\"http:\/\/www.nuancesminerales.ch\/boutique\/wp-content\/uploads\/2017\/05\/Keim-Palette.pdf\" target=\"_blank\" rel=\"noopener noreferrer\">Consulter la carte de teinte<\/a><\/p>\n<p>KEIM Optil\u00ae est la premi\u00e8re peinture d\u2019int\u00e9rieur qui propose une telle palette de couleurs en qualit\u00e9 min\u00e9rale \u2013 r\u00e9pondant parfaitement en cela aux exigences de l\u2019architecture moderne. Des couleurs in\u00e9gal\u00e9es sans pour autant sacrifier les qualit\u00e9s naturelles des peintures min\u00e9rales en termes de durabilit\u00e9, de sant\u00e9 et d\u2019\u00e9cologie.<\/p>\n","protected":false},"featured_media":341,"template":"","meta":[],"product_cat":[6],"product_tag":[45],"_links":{"self":[{"href":"https:\/\/www.nuancesminerales.ch\/boutique\/index.php\/wp-json\/wp\/v2\/product\/116"}],"collection":[{"href":"https:\/\/www.nuancesminerales.ch\/boutique\/index.php\/wp-json\/wp\/v2\/product"}],"about":[{"href":"https:\/\/www.nuancesminerales.ch\/boutique\/index.php\/wp-json\/wp\/v2\/types\/product"}],"wp:featuredmedia":[{"embeddable":true,"href":"https:\/\/www.nuancesminerales.ch\/boutique\/index.php\/wp-json\/wp\/v2\/media\/341"}],"wp:attachment":[{"href":"https:\/\/www.nuancesminerales.ch\/boutique\/index.php\/wp-json\/wp\/v2\/media?parent=116"}],"wp:term":[{"taxonomy":"product_cat","embeddable":true,"href":"https:\/\/www.nuancesminerales.ch\/boutique\/index.php\/wp-json\/wp\/v2\/product_cat?post=116"},{"taxonomy":"product_tag","embeddable":true,"href":"https:\/\/www.nuancesminerales.ch\/boutique\/index.php\/wp-json\/wp\/v2\/product_tag?post=116"}],"curies":[{"name":"wp","href":"https:\/\/api.w.org\/{rel}","templated":true}]}}