{"id":401,"date":"2017-05-29T17:30:11","date_gmt":"2017-05-29T15:30:11","guid":{"rendered":"http:\/\/www.nuancesminerales.ch\/boutique\/?page_id=401"},"modified":"2018-10-29T14:47:11","modified_gmt":"2018-10-29T13:47:11","slug":"interieur","status":"publish","type":"page","link":"https:\/\/www.nuancesminerales.ch\/boutique\/index.php\/uula-color\/interieur\/","title":{"rendered":"Ext\u00e9rieur"},"content":{"rendered":"<p style=\"text-align: left;\">Nos syst\u00e8mes de <strong>peintures \u00e0 l&rsquo;huile\u00a0<\/strong>sont <strong>\u00e9cologiques<\/strong> et dot\u00e9s d&rsquo;un tr\u00e8s bon <strong>\u00e9cobilan<\/strong>.<\/p>\n<p>Veuillez consulter nos fiches\u00a0techniques pour mieux comprendre comment utiliser nos syst\u00e8mes de produits au travers de recommandations.<\/p>\n<p>&nbsp;<\/p>\n<p><strong>Peinture \u00e0 l&rsquo;huile de lin<\/strong><\/p>\n<p>La peinture \u00e0 l&rsquo;huile de lin traditionnelle prot\u00e8ge de fa\u00e7on saine et durable tous les bois en ext\u00e9rieur.<\/p>\n<ul>\n<li style=\"text-align: left;\"><a href=\"https:\/\/www.nuancesminerales.ch\/boutique\/wp-content\/uploads\/2017\/05\/1.Peinture-\u00e0-lhuile-de-lin-velout\u00e9e.pdf\">Fiche technique (huile de lin velout\u00e9e)<\/a><\/li>\n<li style=\"text-align: left;\"><a href=\"http:\/\/www.nuancesminerales.ch\/boutique\/wp-content\/uploads\/2017\/05\/2.Peinture-\u00e0-lhuile-de-lin-mate.pdf\">Fiche technique (huile lin mate)<\/a><\/li>\n<\/ul>\n<p>&nbsp;<\/p>\n<p><strong>Peinture nordique<\/strong><\/p>\n<p>La peinture nordique est une peinture authentique de terre rouge cuite de mani\u00e8re traditionnelle.<\/p>\n<ul>\n<li style=\"text-align: left;\"><a href=\"http:\/\/www.nuancesminerales.ch\/boutique\/wp-content\/uploads\/2017\/05\/3.Peinture-Nordique.pdf\">Fiche technique<\/a><\/li>\n<\/ul>\n<p>&nbsp;<\/p>\n<p><strong>Huile traditionnelle<\/strong><\/p>\n<p>L&rsquo;huile traditionnelle est compos\u00e9e d&rsquo;huile de lin bouillie. Elle prot\u00e8ge le bois de l&rsquo;humidit\u00e9 et \u00e9vite les fissurations.<\/p>\n<ul>\n<li style=\"text-align: left;\"><a href=\"http:\/\/www.nuancesminerales.ch\/boutique\/wp-content\/uploads\/2017\/05\/4.Huile-Traditionnelle.pdf\">Fiche technique<\/a><\/li>\n<\/ul>\n<p>&nbsp;<\/p>\n<p><strong>Lasure traditionnelle<\/strong><\/p>\n<p style=\"text-align: left;\">La lasure traditionnelle est compos\u00e9e d&rsquo;huile de lin cuite et de goudron de bois. Elle est tr\u00e8s facile \u00e0 applique avec un rendu mat et une couverture translucide.<\/p>\n<ul>\n<li style=\"text-align: left;\"><a href=\"http:\/\/www.nuancesminerales.ch\/boutique\/wp-content\/uploads\/2017\/05\/5.Lasure-traditionelle.-Huile-sp\u00e9ciale-boispdf.pdf\">Fiche technique<\/a><\/li>\n<\/ul>\n<p>&nbsp;<\/p>\n<p><strong>Peinture graphite<\/strong><\/p>\n<p style=\"text-align: left;\">Elle est compos\u00e9e de poudre de graphite et d&rsquo;huile de lin. Id\u00e9al pour des applications sur m\u00e9taux.<\/p>\n<ul>\n<li style=\"text-align: left;\"><a href=\"http:\/\/www.nuancesminerales.ch\/boutique\/wp-content\/uploads\/2017\/05\/6.Peinture-Graphite.pdf\">Fiche technique<\/a><\/li>\n<\/ul>\n<p>&nbsp;<\/p>\n<p><strong>Primaire ext\u00e9rieur<\/strong><\/p>\n<p>Sans latex ni acrylique, id\u00e9al pour usage ext\u00e9rieur.<\/p>\n<ul>\n<li style=\"text-align: left;\"><a href=\"http:\/\/www.nuancesminerales.ch\/boutique\/wp-content\/uploads\/2017\/05\/7.Primaire-Ext\u00e9rieur.pdf\">Fiche technique<\/a><\/li>\n<\/ul>\n<p>&nbsp;<\/p>\n<p><strong>Vernis bateau<\/strong><\/p>\n<p>Un vernis id\u00e9al pour tous supports en bois ext\u00e9rieurs avec une finition brillante.<\/p>\n<ul>\n<li style=\"text-align: left;\"><a href=\"http:\/\/www.nuancesminerales.ch\/boutique\/wp-content\/uploads\/2017\/05\/8.Vernis-b\u00e2teau.pdf\">Fiche technique<\/a><\/li>\n<\/ul>\n","protected":false},"excerpt":{"rendered":"<p>Nos syst\u00e8mes de peintures \u00e0 l&rsquo;huile\u00a0sont \u00e9cologiques et dot\u00e9s d&rsquo;un tr\u00e8s bon \u00e9cobilan. Veuillez consulter nos fiches\u00a0techniques pour mieux comprendre comment utiliser nos syst\u00e8mes de produits au travers de recommandations. &nbsp; Peinture \u00e0 l&rsquo;huile de lin La peinture \u00e0 l&rsquo;huile de lin traditionnelle prot\u00e8ge de fa\u00e7on saine et durable tous les bois en ext\u00e9rieur. Fiche [&hellip;]<\/p>\n","protected":false},"author":1,"featured_media":0,"parent":379,"menu_order":1,"comment_status":"closed","ping_status":"closed","template":"","meta":[],"_links":{"self":[{"href":"https:\/\/www.nuancesminerales.ch\/boutique\/index.php\/wp-json\/wp\/v2\/pages\/401"}],"collection":[{"href":"https:\/\/www.nuancesminerales.ch\/boutique\/index.php\/wp-json\/wp\/v2\/pages"}],"about":[{"href":"https:\/\/www.nuancesminerales.ch\/boutique\/index.php\/wp-json\/wp\/v2\/types\/page"}],"author":[{"embeddable":true,"href":"https:\/\/www.nuancesminerales.ch\/boutique\/index.php\/wp-json\/wp\/v2\/users\/1"}],"replies":[{"embeddable":true,"href":"https:\/\/www.nuancesminerales.ch\/boutique\/index.php\/wp-json\/wp\/v2\/comments?post=401"}],"version-history":[{"count":6,"href":"https:\/\/www.nuancesminerales.ch\/boutique\/index.php\/wp-json\/wp\/v2\/pages\/401\/revisions"}],"predecessor-version":[{"id":502,"href":"https:\/\/www.nuancesminerales.ch\/boutique\/index.php\/wp-json\/wp\/v2\/pages\/401\/revisions\/502"}],"up":[{"embeddable":true,"href":"https:\/\/www.nuancesminerales.ch\/boutique\/index.php\/wp-json\/wp\/v2\/pages\/379"}],"wp:attachment":[{"href":"https:\/\/www.nuancesminerales.ch\/boutique\/index.php\/wp-json\/wp\/v2\/media?parent=401"}],"curies":[{"name":"wp","href":"https:\/\/api.w.org\/{rel}","templated":true}]}}