{"id":379,"date":"2017-05-29T17:16:32","date_gmt":"2017-05-29T15:16:32","guid":{"rendered":"http:\/\/www.nuancesminerales.ch\/boutique\/?page_id=379"},"modified":"2017-05-29T17:18:58","modified_gmt":"2017-05-29T15:18:58","slug":"uula-color","status":"publish","type":"page","link":"https:\/\/www.nuancesminerales.ch\/boutique\/index.php\/uula-color\/","title":{"rendered":"Uula Color"},"content":{"rendered":"<p><strong>Les peintures, lasures et huiles de Tradition<\/strong><\/p>\n<p>Le formulation reprenant la recette authentique du 18\u00e8me si\u00e8cle n&rsquo;a pas chang\u00e9. Les\u00a0peintures Uula Color ne contiennent ni r\u00e9sine synth\u00e9tique, ni acrylique. En ext\u00e9rieur comme en int\u00e9rieur, ces\u00a0peintures \u00e0 l&rsquo;Huile de lin laissent les surfaces respirer, ne s&rsquo;\u00e9caillent pas et ne s&rsquo;effritent pas. Enfin et surtout, elles sont respectueuses de l&rsquo;environnement, de l&rsquo;habitat et des usagers.<\/p>\n","protected":false},"excerpt":{"rendered":"<p>Les peintures, lasures et huiles de Tradition Le formulation reprenant la recette authentique du 18\u00e8me si\u00e8cle n&rsquo;a pas chang\u00e9. Les\u00a0peintures Uula Color ne contiennent ni r\u00e9sine synth\u00e9tique, ni acrylique. En ext\u00e9rieur comme en int\u00e9rieur, ces\u00a0peintures \u00e0 l&rsquo;Huile de lin laissent les surfaces respirer, ne s&rsquo;\u00e9caillent pas et ne s&rsquo;effritent pas. Enfin et surtout, elles sont [&hellip;]<\/p>\n","protected":false},"author":1,"featured_media":0,"parent":0,"menu_order":0,"comment_status":"closed","ping_status":"closed","template":"","meta":[],"_links":{"self":[{"href":"https:\/\/www.nuancesminerales.ch\/boutique\/index.php\/wp-json\/wp\/v2\/pages\/379"}],"collection":[{"href":"https:\/\/www.nuancesminerales.ch\/boutique\/index.php\/wp-json\/wp\/v2\/pages"}],"about":[{"href":"https:\/\/www.nuancesminerales.ch\/boutique\/index.php\/wp-json\/wp\/v2\/types\/page"}],"author":[{"embeddable":true,"href":"https:\/\/www.nuancesminerales.ch\/boutique\/index.php\/wp-json\/wp\/v2\/users\/1"}],"replies":[{"embeddable":true,"href":"https:\/\/www.nuancesminerales.ch\/boutique\/index.php\/wp-json\/wp\/v2\/comments?post=379"}],"version-history":[{"count":3,"href":"https:\/\/www.nuancesminerales.ch\/boutique\/index.php\/wp-json\/wp\/v2\/pages\/379\/revisions"}],"predecessor-version":[{"id":382,"href":"https:\/\/www.nuancesminerales.ch\/boutique\/index.php\/wp-json\/wp\/v2\/pages\/379\/revisions\/382"}],"wp:attachment":[{"href":"https:\/\/www.nuancesminerales.ch\/boutique\/index.php\/wp-json\/wp\/v2\/media?parent=379"}],"curies":[{"name":"wp","href":"https:\/\/api.w.org\/{rel}","templated":true}]}}