{"id":150,"date":"2016-11-30T15:36:46","date_gmt":"2016-11-30T14:36:46","guid":{"rendered":"http:\/\/www.nuancesminerales.ch\/boutique\/?page_id=150"},"modified":"2016-12-28T11:48:14","modified_gmt":"2016-12-28T10:48:14","slug":"produits-complementaires","status":"publish","type":"page","link":"https:\/\/www.nuancesminerales.ch\/boutique\/index.php\/nuances-minerales\/produits\/produits-complementaires\/","title":{"rendered":"Produits compl\u00e9mentaires"},"content":{"rendered":"<p style=\"text-align: left;\">Nos syst\u00e8mes de <strong>peintures min\u00e9rales<\/strong> sont <strong>\u00e9cologiques<\/strong> et dot\u00e9s d&rsquo;un tr\u00e8s bon <strong>\u00e9cobilan<\/strong>.<\/p>\n<p>Veuillez consulter nos cahiers techniques pour mieux comprendre comment utiliser nos syst\u00e8mes de produits au travers de recommandations.<\/p>\n<p>&nbsp;<\/p>\n<p><strong>Keim Traitements Compl\u00e9mentaires\u00ae<\/strong><\/p>\n<p style=\"text-align: left;\">Sp\u00e9cialiste depuis pr\u00e8s de 150\u00a0ans des rev\u00eatements min\u00e9raux.<\/p>\n<ul>\n<li style=\"text-align: left;\"><a href=\"http:\/\/www.nuancesminerales.ch\/boutique\/wp-content\/uploads\/2016\/12\/ct_keim_traitements_complementaires.pdf\">Cahier technique Keim\u00a0Traitements compl\u00e9mentaires\u00ae<\/a><\/li>\n<li style=\"text-align: left;\"><a href=\"http:\/\/www.nuancesminerales.ch\/boutique\/wp-content\/uploads\/2016\/12\/KEIM_Airless_-_techniques.pdf\">Fiche technique Keim Application Airless\u00ae<\/a><\/li>\n<li style=\"text-align: left;\"><a href=\"http:\/\/www.nuancesminerales.ch\/boutique\/wp-content\/uploads\/2016\/12\/KEIM_Algicide_Plus.pdf\">Fiche technique Keim\u00a0Algicide Plus\u00ae<\/a><\/li>\n<li style=\"text-align: left;\"><a href=\"http:\/\/www.nuancesminerales.ch\/boutique\/wp-content\/uploads\/2016\/12\/KEIM_Corrosif_Liquide.pdf\">Fiche technique Keim Corrosif Liquide\u00ae<\/a><\/li>\n<li style=\"text-align: left;\"><a href=\"http:\/\/www.nuancesminerales.ch\/boutique\/wp-content\/uploads\/2016\/12\/KEIM_D\u00e9capant_Biod\u00e9gradable.pdf\">Fiche technique Keim D\u00e9capant Biod\u00e9gradable\u00ae<\/a><\/li>\n<li style=\"text-align: left;\"><a href=\"http:\/\/www.nuancesminerales.ch\/boutique\/wp-content\/uploads\/2016\/12\/KEIM_Dolomit.pdf\">Fiche technique Keim Dolomit\u00ae<\/a><\/li>\n<li style=\"text-align: left;\"><a href=\"http:\/\/www.nuancesminerales.ch\/boutique\/wp-content\/uploads\/2016\/12\/KEIM_Impression_Blockweiss.pdf\">Fiche technique Keim Impression Blockweiss\u00ae<\/a><\/li>\n<li style=\"text-align: left;\"><a href=\"http:\/\/www.nuancesminerales.ch\/boutique\/wp-content\/uploads\/2016\/12\/KEIM_Impression_IF.pdf\">Fiche technique Keim Impression I&amp;F\u00ae<\/a><\/li>\n<li style=\"text-align: left;\"><a href=\"http:\/\/www.nuancesminerales.ch\/boutique\/wp-content\/uploads\/2016\/12\/KEIM_Lotexan.pdf\">Fiche technique Keim Lotexan\u00ae<\/a><\/li>\n<li style=\"text-align: left;\"><a href=\"http:\/\/www.nuancesminerales.ch\/boutique\/wp-content\/uploads\/2016\/12\/KEIM_Lotexan_N.pdf\">Fiche technique Keim Lotexan N\u00ae<\/a><\/li>\n<li style=\"text-align: left;\"><a href=\"http:\/\/www.nuancesminerales.ch\/boutique\/wp-content\/uploads\/2016\/12\/KEIM_Soliprim.pdf\">Fiche technique Keim Soliprim\u00ae<\/a><\/li>\n<li style=\"text-align: left;\"><a href=\"http:\/\/www.nuancesminerales.ch\/boutique\/wp-content\/uploads\/2016\/12\/KEIM_Silangrund.pdf\">Fiche technique Keim Silangrund\u00ae<\/a><\/li>\n<\/ul>\n<p>&nbsp;<\/p>\n","protected":false},"excerpt":{"rendered":"<p>Nos syst\u00e8mes de peintures min\u00e9rales sont \u00e9cologiques et dot\u00e9s d&rsquo;un tr\u00e8s bon \u00e9cobilan. Veuillez consulter nos cahiers techniques pour mieux comprendre comment utiliser nos syst\u00e8mes de produits au travers de recommandations. &nbsp; Keim Traitements Compl\u00e9mentaires\u00ae Sp\u00e9cialiste depuis pr\u00e8s de 150\u00a0ans des rev\u00eatements min\u00e9raux. Cahier technique Keim\u00a0Traitements compl\u00e9mentaires\u00ae Fiche technique Keim Application Airless\u00ae Fiche technique Keim\u00a0Algicide [&hellip;]<\/p>\n","protected":false},"author":1,"featured_media":0,"parent":132,"menu_order":0,"comment_status":"closed","ping_status":"closed","template":"","meta":[],"_links":{"self":[{"href":"https:\/\/www.nuancesminerales.ch\/boutique\/index.php\/wp-json\/wp\/v2\/pages\/150"}],"collection":[{"href":"https:\/\/www.nuancesminerales.ch\/boutique\/index.php\/wp-json\/wp\/v2\/pages"}],"about":[{"href":"https:\/\/www.nuancesminerales.ch\/boutique\/index.php\/wp-json\/wp\/v2\/types\/page"}],"author":[{"embeddable":true,"href":"https:\/\/www.nuancesminerales.ch\/boutique\/index.php\/wp-json\/wp\/v2\/users\/1"}],"replies":[{"embeddable":true,"href":"https:\/\/www.nuancesminerales.ch\/boutique\/index.php\/wp-json\/wp\/v2\/comments?post=150"}],"version-history":[{"count":4,"href":"https:\/\/www.nuancesminerales.ch\/boutique\/index.php\/wp-json\/wp\/v2\/pages\/150\/revisions"}],"predecessor-version":[{"id":300,"href":"https:\/\/www.nuancesminerales.ch\/boutique\/index.php\/wp-json\/wp\/v2\/pages\/150\/revisions\/300"}],"up":[{"embeddable":true,"href":"https:\/\/www.nuancesminerales.ch\/boutique\/index.php\/wp-json\/wp\/v2\/pages\/132"}],"wp:attachment":[{"href":"https:\/\/www.nuancesminerales.ch\/boutique\/index.php\/wp-json\/wp\/v2\/media?parent=150"}],"curies":[{"name":"wp","href":"https:\/\/api.w.org\/{rel}","templated":true}]}}