{"id":148,"date":"2016-11-30T15:36:20","date_gmt":"2016-11-30T14:36:20","guid":{"rendered":"http:\/\/www.nuancesminerales.ch\/boutique\/?page_id=148"},"modified":"2016-12-28T11:34:10","modified_gmt":"2016-12-28T10:34:10","slug":"enduits","status":"publish","type":"page","link":"https:\/\/www.nuancesminerales.ch\/boutique\/index.php\/nuances-minerales\/produits\/enduits\/","title":{"rendered":"Cr\u00e9pis"},"content":{"rendered":"<p style=\"text-align: left;\">Nos syst\u00e8mes de <strong>peintures min\u00e9rales<\/strong> sont <strong>\u00e9cologiques<\/strong> et dot\u00e9s d&rsquo;un tr\u00e8s bon <strong>\u00e9cobilan<\/strong>.<\/p>\n<p>Veuillez consulter nos cahiers techniques pour mieux comprendre comment utiliser nos syst\u00e8mes de produits au travers de recommandations.<\/p>\n<p>&nbsp;<\/p>\n<p><strong>Keim Porosan\u00ae<\/strong><\/p>\n<p style=\"text-align: left;\">Syst\u00e8me d&rsquo;assainissement des ma\u00e7onneries humides et salp\u00eatr\u00e9es.<\/p>\n<ul>\n<li style=\"text-align: left;\"><a href=\"http:\/\/www.nuancesminerales.ch\/boutique\/wp-content\/uploads\/2016\/12\/keim_cahier_technique_enduits_assainissement_porosan_septembre_2010.pdf\">Cahier technique Keim Porosan\u00ae<\/a><\/li>\n<li style=\"text-align: left;\"><a href=\"http:\/\/www.nuancesminerales.ch\/boutique\/wp-content\/uploads\/2016\/12\/Keim-brochure-Porosan.pdf\">Brochure Keim Porosan\u00ae<\/a><\/li>\n<li style=\"text-align: left;\"><a href=\"http:\/\/www.nuancesminerales.ch\/boutique\/wp-content\/uploads\/2016\/12\/KEIM_Barbotine_d\u00e9tanch\u00e9it\u00e9_Porosan.pdf\">Fiche technique Keim\u00a0Porosan Barbotine d&rsquo;\u00e9tanch\u00e9it\u00e9\u00ae<\/a><\/li>\n<li style=\"text-align: left;\"><a href=\"http:\/\/www.nuancesminerales.ch\/boutique\/wp-content\/uploads\/2016\/11\/KEIM_Enduit_Ciment_-_Trass_Porosan.pdf\">Fiche technique Keim\u00a0Porosan\u00a0Ciment-trass\u00ae<\/a><\/li>\n<li style=\"text-align: left;\"><a href=\"http:\/\/www.nuancesminerales.ch\/boutique\/wp-content\/uploads\/2016\/11\/KEIM_Enduit_dassainissement_Porosan_HF.pdf\">Fiche technique Keim\u00a0Porosan\u00a0Cr\u00e9pis\u00a0d&rsquo;assainissement HF\u00ae<\/a><\/li>\n<li style=\"text-align: left;\"><a href=\"http:\/\/www.nuancesminerales.ch\/boutique\/wp-content\/uploads\/2016\/11\/KEIM_Enduit_dassainissement_Porosan_NP.pdf\">Fiche technique Keim\u00a0Porosan\u00a0Cr\u00e9pis\u00a0d&rsquo;assainissement NP\u00ae<\/a><\/li>\n<\/ul>\n<p>&nbsp;<\/p>\n<p><strong>Keim NHL\u00ae\u00a0<\/strong><\/p>\n<p style=\"text-align: left;\">Cr\u00e9pis\u00a0\u00e0 la chaux hydraulique naturelle.<\/p>\n<ul>\n<li style=\"text-align: left;\"><a href=\"http:\/\/www.nuancesminerales.ch\/boutique\/wp-content\/uploads\/2016\/12\/KEIM_Hycal_06.pdf\">Fiche technique\u00a0Keim\u00a0NHL 06 \u00ae<\/a><\/li>\n<li style=\"text-align: left;\"><a href=\"http:\/\/www.nuancesminerales.ch\/boutique\/wp-content\/uploads\/2016\/12\/KEIM_Hycal_22.pdf\">Fiche technique\u00a0Keim\u00a0NHL 22 \u00ae<\/a><\/li>\n<\/ul>\n","protected":false},"excerpt":{"rendered":"<p>Nos syst\u00e8mes de peintures min\u00e9rales sont \u00e9cologiques et dot\u00e9s d&rsquo;un tr\u00e8s bon \u00e9cobilan. Veuillez consulter nos cahiers techniques pour mieux comprendre comment utiliser nos syst\u00e8mes de produits au travers de recommandations. &nbsp; Keim Porosan\u00ae Syst\u00e8me d&rsquo;assainissement des ma\u00e7onneries humides et salp\u00eatr\u00e9es. Cahier technique Keim Porosan\u00ae Brochure Keim Porosan\u00ae Fiche technique Keim\u00a0Porosan Barbotine d&rsquo;\u00e9tanch\u00e9it\u00e9\u00ae Fiche technique [&hellip;]<\/p>\n","protected":false},"author":1,"featured_media":0,"parent":132,"menu_order":0,"comment_status":"closed","ping_status":"closed","template":"","meta":[],"_links":{"self":[{"href":"https:\/\/www.nuancesminerales.ch\/boutique\/index.php\/wp-json\/wp\/v2\/pages\/148"}],"collection":[{"href":"https:\/\/www.nuancesminerales.ch\/boutique\/index.php\/wp-json\/wp\/v2\/pages"}],"about":[{"href":"https:\/\/www.nuancesminerales.ch\/boutique\/index.php\/wp-json\/wp\/v2\/types\/page"}],"author":[{"embeddable":true,"href":"https:\/\/www.nuancesminerales.ch\/boutique\/index.php\/wp-json\/wp\/v2\/users\/1"}],"replies":[{"embeddable":true,"href":"https:\/\/www.nuancesminerales.ch\/boutique\/index.php\/wp-json\/wp\/v2\/comments?post=148"}],"version-history":[{"count":3,"href":"https:\/\/www.nuancesminerales.ch\/boutique\/index.php\/wp-json\/wp\/v2\/pages\/148\/revisions"}],"predecessor-version":[{"id":280,"href":"https:\/\/www.nuancesminerales.ch\/boutique\/index.php\/wp-json\/wp\/v2\/pages\/148\/revisions\/280"}],"up":[{"embeddable":true,"href":"https:\/\/www.nuancesminerales.ch\/boutique\/index.php\/wp-json\/wp\/v2\/pages\/132"}],"wp:attachment":[{"href":"https:\/\/www.nuancesminerales.ch\/boutique\/index.php\/wp-json\/wp\/v2\/media?parent=148"}],"curies":[{"name":"wp","href":"https:\/\/api.w.org\/{rel}","templated":true}]}}