{"id":146,"date":"2016-11-30T15:36:03","date_gmt":"2016-11-30T14:36:03","guid":{"rendered":"http:\/\/www.nuancesminerales.ch\/boutique\/?page_id=146"},"modified":"2016-12-28T11:38:54","modified_gmt":"2016-12-28T10:38:54","slug":"pierre","status":"publish","type":"page","link":"https:\/\/www.nuancesminerales.ch\/boutique\/index.php\/nuances-minerales\/produits\/pierre\/","title":{"rendered":"Pierre"},"content":{"rendered":"<p style=\"text-align: left;\">Nos syst\u00e8mes de <strong>peintures min\u00e9rales<\/strong> sont <strong>\u00e9cologiques<\/strong> et dot\u00e9s d&rsquo;un tr\u00e8s bon <strong>\u00e9cobilan<\/strong>.<\/p>\n<p>Veuillez consulter nos cahiers techniques pour mieux comprendre comment utiliser nos syst\u00e8mes de produits au travers de recommandations.<\/p>\n<p>&nbsp;<\/p>\n<p><strong>Keim Restauro\u00ae<\/strong><\/p>\n<p style=\"text-align: left;\">Traitement min\u00e9ral de la pierre.<\/p>\n<ul>\n<li style=\"text-align: left;\"><a href=\"http:\/\/www.nuancesminerales.ch\/boutique\/wp-content\/uploads\/2016\/12\/ct_keim_restauro.pdf\">Cahier technique Keim Restauro\u00ae<\/a><\/li>\n<li style=\"text-align: left;\"><a href=\"http:\/\/www.nuancesminerales.ch\/boutique\/wp-content\/uploads\/2016\/11\/KEIM_Lasure_Restauro.pdf\">Brochure Keim Restauro Lasure\u00ae<\/a><\/li>\n<li style=\"text-align: left;\"><a href=\"http:\/\/www.nuancesminerales.ch\/boutique\/wp-content\/uploads\/2016\/11\/KEIM_Fixatif_Restauro.pdf\">Fiche technique Keim Restauro Fixatif\u00ae<\/a><\/li>\n<li style=\"text-align: left;\"><a href=\"http:\/\/www.nuancesminerales.ch\/boutique\/wp-content\/uploads\/2016\/12\/KEIM_Nettoyant_Pierre.pdf\">Fiche technique Keim Nettoyant pierre\u00ae<\/a><\/li>\n<li style=\"text-align: left;\"><a href=\"http:\/\/www.nuancesminerales.ch\/boutique\/wp-content\/uploads\/2016\/12\/KEIM_Silex_OH.pdf\">Fiche technique Keim Silex OH\u00ae<\/a><\/li>\n<\/ul>\n<p>&nbsp;<\/p>\n","protected":false},"excerpt":{"rendered":"<p>Nos syst\u00e8mes de peintures min\u00e9rales sont \u00e9cologiques et dot\u00e9s d&rsquo;un tr\u00e8s bon \u00e9cobilan. Veuillez consulter nos cahiers techniques pour mieux comprendre comment utiliser nos syst\u00e8mes de produits au travers de recommandations. &nbsp; Keim Restauro\u00ae Traitement min\u00e9ral de la pierre. Cahier technique Keim Restauro\u00ae Brochure Keim Restauro Lasure\u00ae Fiche technique Keim Restauro Fixatif\u00ae Fiche technique Keim [&hellip;]<\/p>\n","protected":false},"author":1,"featured_media":0,"parent":132,"menu_order":0,"comment_status":"closed","ping_status":"closed","template":"","meta":[],"_links":{"self":[{"href":"https:\/\/www.nuancesminerales.ch\/boutique\/index.php\/wp-json\/wp\/v2\/pages\/146"}],"collection":[{"href":"https:\/\/www.nuancesminerales.ch\/boutique\/index.php\/wp-json\/wp\/v2\/pages"}],"about":[{"href":"https:\/\/www.nuancesminerales.ch\/boutique\/index.php\/wp-json\/wp\/v2\/types\/page"}],"author":[{"embeddable":true,"href":"https:\/\/www.nuancesminerales.ch\/boutique\/index.php\/wp-json\/wp\/v2\/users\/1"}],"replies":[{"embeddable":true,"href":"https:\/\/www.nuancesminerales.ch\/boutique\/index.php\/wp-json\/wp\/v2\/comments?post=146"}],"version-history":[{"count":3,"href":"https:\/\/www.nuancesminerales.ch\/boutique\/index.php\/wp-json\/wp\/v2\/pages\/146\/revisions"}],"predecessor-version":[{"id":285,"href":"https:\/\/www.nuancesminerales.ch\/boutique\/index.php\/wp-json\/wp\/v2\/pages\/146\/revisions\/285"}],"up":[{"embeddable":true,"href":"https:\/\/www.nuancesminerales.ch\/boutique\/index.php\/wp-json\/wp\/v2\/pages\/132"}],"wp:attachment":[{"href":"https:\/\/www.nuancesminerales.ch\/boutique\/index.php\/wp-json\/wp\/v2\/media?parent=146"}],"curies":[{"name":"wp","href":"https:\/\/api.w.org\/{rel}","templated":true}]}}