{"id":140,"date":"2016-11-30T15:35:19","date_gmt":"2016-11-30T14:35:19","guid":{"rendered":"http:\/\/www.nuancesminerales.ch\/boutique\/?page_id=140"},"modified":"2016-12-28T11:17:07","modified_gmt":"2016-12-28T10:17:07","slug":"beton","status":"publish","type":"page","link":"https:\/\/www.nuancesminerales.ch\/boutique\/index.php\/nuances-minerales\/produits\/beton\/","title":{"rendered":"B\u00e9ton"},"content":{"rendered":"<p style=\"text-align: left;\">Nos syst\u00e8mes de <strong>peintures min\u00e9rales<\/strong> sont <strong>\u00e9cologiques<\/strong> et dot\u00e9s d&rsquo;un tr\u00e8s bon <strong>\u00e9cobilan<\/strong>.<\/p>\n<p>Veuillez consulter nos cahiers techniques pour mieux comprendre comment utiliser nos syst\u00e8mes de produits au travers de recommandations.<\/p>\n<p><a href=\"http:\/\/www.nuancesminerales.ch\/boutique\/wp-content\/uploads\/2016\/12\/keim_cahier_technique_beton_-1.pdf\">Consultez ici le cahier technique Keim pour\u00a0le b\u00e9ton.<\/a><\/p>\n<p><strong>Keim Concretal\u00ae<\/strong><\/p>\n<p style=\"text-align: left;\">Lasures et peintures min\u00e9rales pour b\u00e9ton.<\/p>\n<ul>\n<li style=\"text-align: left;\"><a href=\"http:\/\/www.nuancesminerales.ch\/boutique\/wp-content\/uploads\/2016\/12\/keim_brochure_concretal_mars_2011.pdf\">Brochure Keim Concretal\u00ae<\/a><\/li>\n<li style=\"text-align: left;\"><a href=\"http:\/\/www.nuancesminerales.ch\/boutique\/wp-content\/uploads\/2016\/12\/KEIM_Peinture_Concretal_W.pdf\">Fiche technique Keim\u00a0Peinture Concretal\u00ae<\/a><\/li>\n<li style=\"text-align: left;\"><a href=\"http:\/\/www.nuancesminerales.ch\/boutique\/wp-content\/uploads\/2016\/12\/KEIM_Lasure_Concretal.pdf\">Fiche technique Keim\u00a0Lasure Concretal\u00ae<\/a><\/li>\n<li style=\"text-align: left;\"><a href=\"http:\/\/www.nuancesminerales.ch\/boutique\/wp-content\/uploads\/2016\/12\/KEIM_Fixatif_Concretal.pdf\">Fiche technique Keim\u00a0Fixatif Concretal\u00ae<\/a><\/li>\n<li style=\"text-align: left;\"><a href=\"http:\/\/www.nuancesminerales.ch\/boutique\/wp-content\/uploads\/2016\/12\/KEIM_Nettoyant_B\u00e9ton.pdf\">Fiche technique Keim Nettoyant b\u00e9ton\u00ae<\/a><\/li>\n<\/ul>\n<p>&nbsp;<\/p>\n<p style=\"text-align: left;\">\n","protected":false},"excerpt":{"rendered":"<p>Nos syst\u00e8mes de peintures min\u00e9rales sont \u00e9cologiques et dot\u00e9s d&rsquo;un tr\u00e8s bon \u00e9cobilan. Veuillez consulter nos cahiers techniques pour mieux comprendre comment utiliser nos syst\u00e8mes de produits au travers de recommandations. Consultez ici le cahier technique Keim pour\u00a0le b\u00e9ton. Keim Concretal\u00ae Lasures et peintures min\u00e9rales pour b\u00e9ton. Brochure Keim Concretal\u00ae Fiche technique Keim\u00a0Peinture Concretal\u00ae Fiche [&hellip;]<\/p>\n","protected":false},"author":1,"featured_media":0,"parent":132,"menu_order":0,"comment_status":"closed","ping_status":"closed","template":"","meta":[],"_links":{"self":[{"href":"https:\/\/www.nuancesminerales.ch\/boutique\/index.php\/wp-json\/wp\/v2\/pages\/140"}],"collection":[{"href":"https:\/\/www.nuancesminerales.ch\/boutique\/index.php\/wp-json\/wp\/v2\/pages"}],"about":[{"href":"https:\/\/www.nuancesminerales.ch\/boutique\/index.php\/wp-json\/wp\/v2\/types\/page"}],"author":[{"embeddable":true,"href":"https:\/\/www.nuancesminerales.ch\/boutique\/index.php\/wp-json\/wp\/v2\/users\/1"}],"replies":[{"embeddable":true,"href":"https:\/\/www.nuancesminerales.ch\/boutique\/index.php\/wp-json\/wp\/v2\/comments?post=140"}],"version-history":[{"count":4,"href":"https:\/\/www.nuancesminerales.ch\/boutique\/index.php\/wp-json\/wp\/v2\/pages\/140\/revisions"}],"predecessor-version":[{"id":265,"href":"https:\/\/www.nuancesminerales.ch\/boutique\/index.php\/wp-json\/wp\/v2\/pages\/140\/revisions\/265"}],"up":[{"embeddable":true,"href":"https:\/\/www.nuancesminerales.ch\/boutique\/index.php\/wp-json\/wp\/v2\/pages\/132"}],"wp:attachment":[{"href":"https:\/\/www.nuancesminerales.ch\/boutique\/index.php\/wp-json\/wp\/v2\/media?parent=140"}],"curies":[{"name":"wp","href":"https:\/\/api.w.org\/{rel}","templated":true}]}}