{"id":138,"date":"2016-11-30T15:35:01","date_gmt":"2016-11-30T14:35:01","guid":{"rendered":"http:\/\/www.nuancesminerales.ch\/boutique\/?page_id=138"},"modified":"2016-12-28T11:17:20","modified_gmt":"2016-12-28T10:17:20","slug":"facade","status":"publish","type":"page","link":"https:\/\/www.nuancesminerales.ch\/boutique\/index.php\/nuances-minerales\/produits\/facade\/","title":{"rendered":"Fa\u00e7ade"},"content":{"rendered":"<p style=\"text-align: left;\">Nos syst\u00e8mes de <strong>peintures min\u00e9rales<\/strong> sont <strong>\u00e9cologiques<\/strong> et dot\u00e9s d&rsquo;un tr\u00e8s bon <strong>\u00e9cobilan<\/strong>.<\/p>\n<p>Veuillez consulter nos cahiers techniques pour mieux comprendre comment utiliser nos syst\u00e8mes de produits au travers de recommandations.<\/p>\n<p><a href=\"http:\/\/www.nuancesminerales.ch\/boutique\/wp-content\/uploads\/2016\/11\/keim_cahier_technique_interieur_mineral_avril_2010.pdf\">Consultez ici le cahier techniques Keim pour les fa\u00e7ades.<\/a><\/p>\n<p><strong>Keim Granital\u00ae<\/strong><\/p>\n<p style=\"text-align: left;\">La r\u00e9f\u00e9rence min\u00e9rale pour vos fa\u00e7ades.<\/p>\n<ul>\n<li style=\"text-align: left;\"><a href=\"http:\/\/www.nuancesminerales.ch\/boutique\/wp-content\/uploads\/2016\/11\/keim_brochure_granital_septembre_2009.pdf\">Brochure Keim Granital\u00ae<\/a><\/li>\n<li style=\"text-align: left;\"><a href=\"http:\/\/www.nuancesminerales.ch\/boutique\/wp-content\/uploads\/2016\/11\/KEIM_Granital.pdf\">Fiche technique Keim Granital\u00ae<\/a><\/li>\n<li style=\"text-align: left;\"><a href=\"http:\/\/www.nuancesminerales.ch\/boutique\/wp-content\/uploads\/2016\/11\/KEIM_Granital_Grob.pdf\">Fiche technique Keim Granital Grob\u00ae<\/a><\/li>\n<li style=\"text-align: left;\"><a href=\"http:\/\/www.nuancesminerales.ch\/boutique\/wp-content\/uploads\/2016\/11\/KEIM_Fixatif_Sp\u00e9cial.pdf\">Fiche technique Keim Sp\u00e9cial Fixatif\u00ae<\/a><\/li>\n<li style=\"text-align: left;\"><\/li>\n<\/ul>\n<p style=\"text-align: left;\"><strong>Keim Soldalit\u00ae<\/strong><\/p>\n<p style=\"text-align: left;\">Peinture min\u00e9rale pour fa\u00e7ades min\u00e9rales et organiques.<\/p>\n<ul>\n<li style=\"text-align: left;\"><a href=\"http:\/\/www.nuancesminerales.ch\/boutique\/wp-content\/uploads\/2016\/11\/Soldalit.pdf\">Brochure Keim Soldalit\u00ae<\/a><\/li>\n<li style=\"text-align: left;\"><a href=\"http:\/\/www.nuancesminerales.ch\/boutique\/wp-content\/uploads\/2016\/11\/KEIM_Soldalit.pdf\">Fiche technique Keim Soldalit\u00ae<\/a><\/li>\n<li style=\"text-align: left;\"><a href=\"http:\/\/www.nuancesminerales.ch\/boutique\/wp-content\/uploads\/2016\/11\/KEIM_Soldalit_Grob.pdf\">Fiche technique Keim Soldalit\u00a0Grob\u00ae<\/a><\/li>\n<li style=\"text-align: left;\"><a href=\"http:\/\/www.nuancesminerales.ch\/boutique\/wp-content\/uploads\/2016\/11\/KEIM_Fixatif_Soldalit.pdf\">Fiche technique Keim Soldalit Fixatif\u00ae<\/a><\/li>\n<\/ul>\n<p style=\"text-align: left;\"><strong>Keim Purkristalat\u00ae<\/strong><\/p>\n<p style=\"text-align: left;\">Peinture min\u00e9rale\u00a0\u00e0 deux composants \u00e0 base de silicates purs.<\/p>\n<ul>\n<li style=\"text-align: left;\"><a href=\"http:\/\/www.nuancesminerales.ch\/boutique\/wp-content\/uploads\/2016\/12\/Purkristalat_frz_CH.pdf\">Fiche technique Keim Purkristalat\u00ae<\/a><\/li>\n<li style=\"text-align: left;\"><a href=\"http:\/\/www.nuancesminerales.ch\/boutique\/wp-content\/uploads\/2016\/11\/KEIM_Liant_Fixativ.pdf\">Fiche technique Keim\u00a0Liant Fixativ\u00ae<\/a><\/li>\n<\/ul>\n<p>&nbsp;<\/p>\n","protected":false},"excerpt":{"rendered":"<p>Nos syst\u00e8mes de peintures min\u00e9rales sont \u00e9cologiques et dot\u00e9s d&rsquo;un tr\u00e8s bon \u00e9cobilan. Veuillez consulter nos cahiers techniques pour mieux comprendre comment utiliser nos syst\u00e8mes de produits au travers de recommandations. Consultez ici le cahier techniques Keim pour les fa\u00e7ades. Keim Granital\u00ae La r\u00e9f\u00e9rence min\u00e9rale pour vos fa\u00e7ades. Brochure Keim Granital\u00ae Fiche technique Keim Granital\u00ae [&hellip;]<\/p>\n","protected":false},"author":1,"featured_media":0,"parent":132,"menu_order":0,"comment_status":"closed","ping_status":"closed","template":"","meta":[],"_links":{"self":[{"href":"https:\/\/www.nuancesminerales.ch\/boutique\/index.php\/wp-json\/wp\/v2\/pages\/138"}],"collection":[{"href":"https:\/\/www.nuancesminerales.ch\/boutique\/index.php\/wp-json\/wp\/v2\/pages"}],"about":[{"href":"https:\/\/www.nuancesminerales.ch\/boutique\/index.php\/wp-json\/wp\/v2\/types\/page"}],"author":[{"embeddable":true,"href":"https:\/\/www.nuancesminerales.ch\/boutique\/index.php\/wp-json\/wp\/v2\/users\/1"}],"replies":[{"embeddable":true,"href":"https:\/\/www.nuancesminerales.ch\/boutique\/index.php\/wp-json\/wp\/v2\/comments?post=138"}],"version-history":[{"count":26,"href":"https:\/\/www.nuancesminerales.ch\/boutique\/index.php\/wp-json\/wp\/v2\/pages\/138\/revisions"}],"predecessor-version":[{"id":266,"href":"https:\/\/www.nuancesminerales.ch\/boutique\/index.php\/wp-json\/wp\/v2\/pages\/138\/revisions\/266"}],"up":[{"embeddable":true,"href":"https:\/\/www.nuancesminerales.ch\/boutique\/index.php\/wp-json\/wp\/v2\/pages\/132"}],"wp:attachment":[{"href":"https:\/\/www.nuancesminerales.ch\/boutique\/index.php\/wp-json\/wp\/v2\/media?parent=138"}],"curies":[{"name":"wp","href":"https:\/\/api.w.org\/{rel}","templated":true}]}}