{"id":136,"date":"2016-11-30T15:34:27","date_gmt":"2016-11-30T14:34:27","guid":{"rendered":"http:\/\/www.nuancesminerales.ch\/boutique\/?page_id=136"},"modified":"2016-11-30T15:37:10","modified_gmt":"2016-11-30T14:37:10","slug":"historique","status":"publish","type":"page","link":"https:\/\/www.nuancesminerales.ch\/boutique\/index.php\/nuances-minerales\/historique\/","title":{"rendered":"Historique"},"content":{"rendered":"<div align=\"justify\">\n<p>Trois hommes, figures marquantes de leur \u00e9poque, ont contribu\u00e9 au lancement de cette fantastique d\u00e9couverte que constituent les peintures min\u00e9rales KEIM : Johann Wolfgang von Goethe, le Roi Louis 1er de Bavi\u00e8re,\u00a0et le dernier et non le moindre, le chercheur A.W. Keim qui mit au point ces peintures. La base de cette invention de 1878 repose sur\u00a0un savant\u00a0m\u00e9lange\u00a0de silicate de potassium liquide\u00a0et\u00a0de pigments min\u00e9raux.<strong>\u00a0<\/strong><\/p>\n<p><img decoding=\"async\" loading=\"lazy\" class=\" wp-image-69 aligncenter\" src=\"http:\/\/www.nuancesminerales.ch\/boutique\/wp-content\/uploads\/2016\/07\/keim.gif\" alt=\"keim\" width=\"116\" height=\"108\" \/><\/p>\n<p class=\"bodytext\">R\u00e9sultat : une peinture in\u00e9galable pour sa qualit\u00e9, sa durabilit\u00e9, son effet protecteur et sa luminosit\u00e9. Il existe aujourd&rsquo;hui des peintures originales datant du si\u00e8cle dernier. Des fa\u00e7ades en Suisse telles que l&rsquo;Auberge \u00ab\u00a0Wei\u00dfer Adler\u00a0\u00bb \u00e0 Stein am Rhein, les H\u00f4tels de Ville de Schwyz (1891), d&rsquo;Oslo (1895), de Traunstein (1891) en sont des preuves impressionnantes.<\/p>\n<div id=\"attachment_70\" style=\"width: 244px\" class=\"wp-caption aligncenter\"><img aria-describedby=\"caption-attachment-70\" decoding=\"async\" loading=\"lazy\" class=\"wp-image-70 \" src=\"http:\/\/www.nuancesminerales.ch\/boutique\/wp-content\/uploads\/2016\/07\/geschichte_awkeim_08.jpg\" alt=\"geschichte_awkeim_08\" width=\"234\" height=\"296\" \/><p id=\"caption-attachment-70\" class=\"wp-caption-text\">A.W. Keim, le pionnier des peintures min\u00e9rales<\/p><\/div>\n<p class=\"bodytext\">Au Moyen Age, le liant des peintures min\u00e9rales KEIM, le silicate de potassium liquide, existait d\u00e9j\u00e0 sous le nom de \u00ab\u00a0liquor silicium\u00a0\u00bb, mais\u00a0il manquait\u00a0encore de\u00a0moyens de production et d&rsquo;exploitation. En 1768, Johann Wolfgang von Goethe esp\u00e9rait d\u00e9j\u00e0 beaucoup de ses essais sur le silicate de potassium. Dans le 8e tome de \u00ab\u00a0Po\u00e9sie et V\u00e9rit\u00e9\u00a0\u00bb, il \u00e9crit :\u00a0\u00bbCe qui m&rsquo;a beaucoup pr\u00e9occup\u00e9 pendant un moment, ce fut l&rsquo;obtention de la liquor silicium par fusion de galet de quartz et d&rsquo;alcali se pr\u00e9sentant sous forme d&rsquo;un verre transparent liquide qui fond \u00e0 l&rsquo;air&#8230;\u00a0\u00bb<\/p>\n<p class=\"bodytext\">Cependant les r\u00e9flexions de Goethe ne purent aboutir \u00e0 une r\u00e9alisation pratique et c&rsquo;est le Roi Louis 1er de Bavi\u00e8re qui lan\u00e7a l&rsquo;important travail de recherche d&rsquo;Adolf Wilhem Keim. Ce monarque, amateur de beaux arts, \u00e9tait tellement enthousiasm\u00e9 par les fresques \u00e0 la chaux d&rsquo;italie du Nord, qu&rsquo;il voulut les introduire dans son royaume de Bavi\u00e8re. Malheureusement, le climat au nord des Alpes, plus rude, e\u00fbt t\u00f4t fait de d\u00e9truire ces chefs d&rsquo;oeuvre. C&rsquo;est ainsi que Louis 1er de Bavi\u00e8re demanda aux scientifiques bavarois de mettre au point une peinture ressemblant au badigeon \u00e0 la chaux mais ayant une durabilit\u00e9 plus grande.<\/p>\n<div id=\"c1191\" class=\"csc-default\">\n<div class=\"csc-textpic csc-textpic-intext-right-nowrap\">\n<div>\n<div class=\"csc-textpic-text\">\n<p class=\"bodytext\">Ce sont les peintures min\u00e9rales KEIM qui apport\u00e8rent la r\u00e9ponse la plus convaincante \u00e0 cette demande. La nouveaut\u00e9 de la d\u00e9couverte de A. W. Keim r\u00e9side dans la combinaison intime de la peinture et de la ma\u00e7onnerie. L&rsquo;am\u00e9lioration constante des propri\u00e9t\u00e9s des produits ainsi que leur adaptation aux diff\u00e9rents types de ma\u00e7onneries ont depuis permis \u00e0 KEIM de consolider sa position de leader mondial dans la fabrication des peintures min\u00e9rales.<\/p>\n<\/div>\n<\/div>\n<\/div>\n<div class=\"csc-textpic-clear\">\n<div id=\"content\">\n<div id=\"right\">\n<div id=\"c1190\" class=\"csc-default\">\n<div class=\"csc-textpic csc-textpic-intext-right csc-textpic-caption-c\">\n<div class=\"csc-textpic-text\">\n<p class=\"bodytext\">La demande grandissante pour des peintures non polluantes, respectueuses de l&rsquo;environnement et \u00e0 caract\u00e8re durable, trouve dans la peinture min\u00e9rale une r\u00e9ponse id\u00e9ale.\u00a0Gr\u00e2ce \u00e0 ces propri\u00e9t\u00e9s, la gamme des produits min\u00e9raux a \u00e9t\u00e9\u00a0fortement \u00e9largie. Les peintures min\u00e9rales KEIM r\u00e9ussissent plus que jamais \u00e0 allier tradition et innovation.<\/p>\n<\/div>\n<\/div>\n<div class=\"csc-textpic-clear\"><\/div>\n<\/div>\n<\/div>\n<\/div>\n<\/div>\n<\/div>\n<\/div>\n","protected":false},"excerpt":{"rendered":"<p>Trois hommes, figures marquantes de leur \u00e9poque, ont contribu\u00e9 au lancement de cette fantastique d\u00e9couverte que constituent les peintures min\u00e9rales KEIM : Johann Wolfgang von Goethe, le Roi Louis 1er de Bavi\u00e8re,\u00a0et le dernier et non le moindre, le chercheur A.W. Keim qui mit au point ces peintures. La base de cette invention de 1878 [&hellip;]<\/p>\n","protected":false},"author":1,"featured_media":0,"parent":61,"menu_order":0,"comment_status":"closed","ping_status":"closed","template":"","meta":[],"_links":{"self":[{"href":"https:\/\/www.nuancesminerales.ch\/boutique\/index.php\/wp-json\/wp\/v2\/pages\/136"}],"collection":[{"href":"https:\/\/www.nuancesminerales.ch\/boutique\/index.php\/wp-json\/wp\/v2\/pages"}],"about":[{"href":"https:\/\/www.nuancesminerales.ch\/boutique\/index.php\/wp-json\/wp\/v2\/types\/page"}],"author":[{"embeddable":true,"href":"https:\/\/www.nuancesminerales.ch\/boutique\/index.php\/wp-json\/wp\/v2\/users\/1"}],"replies":[{"embeddable":true,"href":"https:\/\/www.nuancesminerales.ch\/boutique\/index.php\/wp-json\/wp\/v2\/comments?post=136"}],"version-history":[{"count":2,"href":"https:\/\/www.nuancesminerales.ch\/boutique\/index.php\/wp-json\/wp\/v2\/pages\/136\/revisions"}],"predecessor-version":[{"id":152,"href":"https:\/\/www.nuancesminerales.ch\/boutique\/index.php\/wp-json\/wp\/v2\/pages\/136\/revisions\/152"}],"up":[{"embeddable":true,"href":"https:\/\/www.nuancesminerales.ch\/boutique\/index.php\/wp-json\/wp\/v2\/pages\/61"}],"wp:attachment":[{"href":"https:\/\/www.nuancesminerales.ch\/boutique\/index.php\/wp-json\/wp\/v2\/media?parent=136"}],"curies":[{"name":"wp","href":"https:\/\/api.w.org\/{rel}","templated":true}]}}