{"id":132,"date":"2016-11-30T15:31:44","date_gmt":"2016-11-30T14:31:44","guid":{"rendered":"http:\/\/www.nuancesminerales.ch\/boutique\/?page_id=132"},"modified":"2017-05-29T17:57:52","modified_gmt":"2017-05-29T15:57:52","slug":"produits","status":"publish","type":"page","link":"https:\/\/www.nuancesminerales.ch\/boutique\/index.php\/nuances-minerales\/produits\/","title":{"rendered":"Produits"},"content":{"rendered":"<p>&nbsp;<\/p>\n<p><a href=\"http:\/\/www.nuancesminerales.ch\/boutique\/index.php\/nuances-minerales\/produits\/beton\/\">B\u00e9ton<\/a><\/p>\n<p><a href=\"http:\/\/www.nuancesminerales.ch\/boutique\/index.php\/nuances-minerales\/produits\/bois\/\">Bois<\/a><\/p>\n<p><a href=\"http:\/\/www.nuancesminerales.ch\/boutique\/index.php\/nuances-minerales\/produits\/enduits\/\">Cr\u00e9pis<\/a><\/p>\n<p><a href=\"http:\/\/www.nuancesminerales.ch\/boutique\/index.php\/nuances-minerales\/produits\/facade\/\">Fa\u00e7ade<\/a><\/p>\n<p><a href=\"http:\/\/www.nuancesminerales.ch\/boutique\/index.php\/nuances-minerales\/produits\/interieur\/\">Int\u00e9rieur<\/a><\/p>\n<p><a href=\"http:\/\/www.nuancesminerales.ch\/boutique\/index.php\/nuances-minerales\/produits\/pierre\/\">Pierre<\/a><\/p>\n<p><a href=\"http:\/\/www.nuancesminerales.ch\/boutique\/index.php\/nuances-minerales\/produits\/produits-complementaires\/\">Produits compl\u00e9mentaires<\/a><\/p>\n<p>&nbsp;<\/p>\n<p>&nbsp;<\/p>\n","protected":false},"excerpt":{"rendered":"<p>&nbsp; B\u00e9ton Bois Cr\u00e9pis Fa\u00e7ade Int\u00e9rieur Pierre Produits compl\u00e9mentaires &nbsp; &nbsp;<\/p>\n","protected":false},"author":1,"featured_media":0,"parent":61,"menu_order":0,"comment_status":"closed","ping_status":"closed","template":"","meta":[],"_links":{"self":[{"href":"https:\/\/www.nuancesminerales.ch\/boutique\/index.php\/wp-json\/wp\/v2\/pages\/132"}],"collection":[{"href":"https:\/\/www.nuancesminerales.ch\/boutique\/index.php\/wp-json\/wp\/v2\/pages"}],"about":[{"href":"https:\/\/www.nuancesminerales.ch\/boutique\/index.php\/wp-json\/wp\/v2\/types\/page"}],"author":[{"embeddable":true,"href":"https:\/\/www.nuancesminerales.ch\/boutique\/index.php\/wp-json\/wp\/v2\/users\/1"}],"replies":[{"embeddable":true,"href":"https:\/\/www.nuancesminerales.ch\/boutique\/index.php\/wp-json\/wp\/v2\/comments?post=132"}],"version-history":[{"count":4,"href":"https:\/\/www.nuancesminerales.ch\/boutique\/index.php\/wp-json\/wp\/v2\/pages\/132\/revisions"}],"predecessor-version":[{"id":432,"href":"https:\/\/www.nuancesminerales.ch\/boutique\/index.php\/wp-json\/wp\/v2\/pages\/132\/revisions\/432"}],"up":[{"embeddable":true,"href":"https:\/\/www.nuancesminerales.ch\/boutique\/index.php\/wp-json\/wp\/v2\/pages\/61"}],"wp:attachment":[{"href":"https:\/\/www.nuancesminerales.ch\/boutique\/index.php\/wp-json\/wp\/v2\/media?parent=132"}],"curies":[{"name":"wp","href":"https:\/\/api.w.org\/{rel}","templated":true}]}}